{"id":27,"date":"2019-01-22T16:28:09","date_gmt":"2019-01-22T13:28:09","guid":{"rendered":"http:\/\/sezbalikcilik.com\/sezmarket\/?page_id=27"},"modified":"2024-12-04T07:55:26","modified_gmt":"2024-12-04T04:55:26","slug":"ana-sayfa","status":"publish","type":"page","link":"https:\/\/sezbalikcilik.com\/sezmarket\/","title":{"rendered":"Ana Sayfa"},"content":{"rendered":"\n<div class=\"wp-block-nextend-smartslider3 undefined gutenberg-smartslider3\"><div class=\"n2-section-smartslider \"><style>div#n2-ss-4{width:1200px;float:left;margin:0px 0px 0px 0px;}html[dir=\"rtl\"] div#n2-ss-4{float:right;}div#n2-ss-4 .n2-ss-slider-1{position:relative;padding-top:0px;padding-right:0px;padding-bottom:0px;padding-left:0px;height:500px;border-style:solid;border-width:0px;border-color:#3e3e3e;border-color:RGBA(62,62,62,1);border-radius:0px;background-clip:padding-box;background-repeat:repeat;background-position:50% 50%;background-size:cover;background-attachment:scroll;}div#n2-ss-4 .n2-ss-slider-background-video-container{position:absolute;left:0;top:0;width:100%;height:100%;overflow:hidden;}div#n2-ss-4 .n2-ss-slider-2{position:relative;width:100%;height:100%;}.x-firefox div#n2-ss-4 .n2-ss-slider-2{opacity:0.99999;}div#n2-ss-4 .n2-ss-slider-3{position:relative;width:100%;height:100%;overflow:hidden;outline:1px solid rgba(0,0,0,0);z-index:10;}div#n2-ss-4 .n2-ss-slide-backgrounds,div#n2-ss-4 .n2-ss-slider-3 > .n-particles-js-canvas-el,div#n2-ss-4 .n2-ss-slider-3 > .n2-ss-divider{position:absolute;left:0;top:0;width:100%;height:100%;}div#n2-ss-4 .n2-ss-slide-backgrounds{z-index:10;}div#n2-ss-4 .n2-ss-slider-3 > .n-particles-js-canvas-el{z-index:12;}div#n2-ss-4 .n2-ss-slide-backgrounds > *{overflow:hidden;}div#n2-ss-4 .n2-ss-slide{position:absolute;top:0;left:0;width:100%;height:100%;z-index:20;display:block;-webkit-backface-visibility:hidden;}div#n2-ss-4 .n2-ss-layers-container{position:relative;width:1200px;height:500px;}div#n2-ss-4 .n2-ss-parallax-clip > .n2-ss-layers-container{position:absolute;right:0;}div#n2-ss-4 .n2-ss-slide{perspective:1500px;}div#n2-ss-4[data-ie] .n2-ss-slide{perspective:none;transform:perspective(1500px);}div#n2-ss-4 .n2-ss-slide-active{z-index:21;}div#n2-ss-4 .nextend-arrow{cursor:pointer;overflow:hidden;line-height:0 !important;z-index:20;}div#n2-ss-4 .nextend-arrow img{position:relative;min-height:0;min-width:0;vertical-align:top;width:auto;height:auto;max-width:100%;max-height:100%;display:inline;}div#n2-ss-4 .nextend-arrow img.n2-arrow-hover-img{display:none;}div#n2-ss-4 .nextend-arrow:HOVER img.n2-arrow-hover-img{display:inline;}div#n2-ss-4 .nextend-arrow:HOVER img.n2-arrow-normal-img{display:none;}div#n2-ss-4 .nextend-arrow-animated{overflow:hidden;}div#n2-ss-4 .nextend-arrow-animated > div{position:relative;}div#n2-ss-4 .nextend-arrow-animated .n2-active{position:absolute;}div#n2-ss-4 .nextend-arrow-animated-fade{transition:background 0.3s, opacity 0.4s;}div#n2-ss-4 .nextend-arrow-animated-horizontal > div{transition:all 0.4s;left:0;}div#n2-ss-4 .nextend-arrow-animated-horizontal .n2-active{top:0;}div#n2-ss-4 .nextend-arrow-previous.nextend-arrow-animated-horizontal:HOVER > div,div#n2-ss-4 .nextend-arrow-next.nextend-arrow-animated-horizontal .n2-active{left:-100%;}div#n2-ss-4 .nextend-arrow-previous.nextend-arrow-animated-horizontal .n2-active,div#n2-ss-4 .nextend-arrow-next.nextend-arrow-animated-horizontal:HOVER > div{left:100%;}div#n2-ss-4 .nextend-arrow.nextend-arrow-animated-horizontal:HOVER .n2-active{left:0;}div#n2-ss-4 .nextend-arrow-animated-vertical > div{transition:all 0.4s;top:0;}div#n2-ss-4 .nextend-arrow-animated-vertical .n2-active{left:0;}div#n2-ss-4 .nextend-arrow-animated-vertical .n2-active{top:-100%;}div#n2-ss-4 .nextend-arrow-animated-vertical:HOVER > div{top:100%;}div#n2-ss-4 .nextend-arrow-animated-vertical:HOVER .n2-active{top:0;}div#n2-ss-4 .n2-ss-control-bullet{visibility:hidden;text-align:center;justify-content:center;}div#n2-ss-4 .n2-ss-control-bullet-horizontal.n2-ss-control-bullet-fullsize{width:100%;}div#n2-ss-4 .n2-ss-control-bullet-vertical.n2-ss-control-bullet-fullsize{height:100%;flex-flow:column;}div#n2-ss-4 .nextend-bullet-bar{display:inline-flex;visibility:visible;align-items:center;flex-wrap:wrap;}div#n2-ss-4 .n2-bar-justify-content-left{justify-content:flex-start;}div#n2-ss-4 .n2-bar-justify-content-center{justify-content:center;}div#n2-ss-4 .n2-bar-justify-content-right{justify-content:flex-end;}div#n2-ss-4 .n2-ss-control-bullet-vertical > .nextend-bullet-bar{flex-flow:column;}div#n2-ss-4 .n2-ss-control-bullet-fullsize > .nextend-bullet-bar{display:flex;}div#n2-ss-4 .n2-ss-control-bullet-horizontal.n2-ss-control-bullet-fullsize > .nextend-bullet-bar{flex:1 1 auto;}div#n2-ss-4 .n2-ss-control-bullet-vertical.n2-ss-control-bullet-fullsize > .nextend-bullet-bar{height:100%;}div#n2-ss-4 .nextend-bullet-bar > div{display:inline-block;cursor:pointer;transition:background-color 0.4s;vertical-align:top;}div#n2-ss-4 .nextend-bullet-bar > div.n2-active{cursor:default;}div#n2-ss-4 div.n2-ss-bullet-thumbnail-container{position:absolute;opacity:0;z-index:10000000;}div#n2-ss-4 .n2-ss-bullet-thumbnail-container .n2-ss-bullet-thumbnail{background-size:cover;background-repeat:no-repeat;background-position:center;}div#n2-ss-4 .nextend-shadow{width:100%;z-index:0;}div#n2-ss-4 .nextend-shadow img{max-width:none;width:100%;}div#n2-ss-4 .n2-style-2a0a200d6a6e1fade27fb9c90af83812-dot{background: #000000;background: RGBA(0,0,0,0.67);opacity:1;padding:5px 5px 5px 5px ;box-shadow: none;border-width: 0px;border-style: solid;border-color: #000000; border-color: RGBA(0,0,0,1);border-radius:50px;margin: 4px;}div#n2-ss-4 .n2-style-2a0a200d6a6e1fade27fb9c90af83812-dot.n2-active, div#n2-ss-4 .n2-style-2a0a200d6a6e1fade27fb9c90af83812-dot:HOVER{background: #00c1c4;}<\/style><div id=\"n2-ss-4-align\" class=\"n2-ss-align\"><div class=\"n2-padding\"><div id=\"n2-ss-4\" data-creator=\"Smart Slider 3\" class=\"n2-ss-slider n2-ow n2-has-hover n2notransition  n2-ss-load-fade \" data-minFontSizedesktopPortrait=\"4\" data-minFontSizedesktopLandscape=\"4\" data-minFontSizetabletPortrait=\"4\" data-minFontSizetabletLandscape=\"4\" data-minFontSizemobilePortrait=\"4\" data-minFontSizemobileLandscape=\"4\" style=\"font-size: 16px;\" data-fontsize=\"16\">\r\n        <div class=\"n2-ss-slider-1 n2-ss-swipe-element n2-ow\" style=\"\">\r\n                        <div class=\"n2-ss-slider-2 n2-ow\">\r\n                                    <div class=\"n2-ss-background-animation n2-ow\"><\/div>\r\n                                <div class=\"n2-ss-slider-3 n2-ow\" style=\"\">\r\n\r\n                    <div class=\"n2-ss-slide-backgrounds\"><\/div><div data-first=\"1\" data-slide-duration=\"0\" data-id=\"30\" style=\"\" class=\" n2-ss-slide n2-ss-canvas n2-ow  n2-ss-slide-30\"><div class=\"n2-ss-slide-background n2-ow\" data-mode=\"blurfit\"><img data-hash=\"3e0cd1c190a728f49b66b3ce2705e9bb\" data-desktop=\"\/\/sezbalikcilik.com\/sezmarket\/wp-content\/uploads\/resized\/a2320cc941945c8a10b19e10cbde0cd3\/5.jpg\" data-blur=\"0\" data-opacity=\"100\" data-x=\"50\" data-y=\"50\" src=\"\/\/sezbalikcilik.com\/sezmarket\/wp-content\/uploads\/resized\/a2320cc941945c8a10b19e10cbde0cd3\/5.jpg\" alt=\"\" \/><\/div><div class=\"n2-ss-layers-container n2-ow\" data-csstextalign=\"center\" style=\"\"><\/div><\/div><div data-slide-duration=\"0\" data-id=\"31\" style=\"\" class=\" n2-ss-slide n2-ss-canvas n2-ow  n2-ss-slide-31\"><div class=\"n2-ss-slide-background n2-ow\" data-mode=\"blurfit\"><img data-hash=\"afb7ae650b4dc2ad2238d0a2f80a5e8f\" data-desktop=\"\/\/sezbalikcilik.com\/sezmarket\/wp-content\/uploads\/resized\/ba3c73b1a008996bf37abb4bfd641f3a\/6e90a8da-cbeb-493f-88fc-e334c146b0e0.jpg\" data-blur=\"0\" data-opacity=\"100\" data-x=\"50\" data-y=\"50\" src=\"\/\/sezbalikcilik.com\/sezmarket\/wp-content\/uploads\/resized\/ba3c73b1a008996bf37abb4bfd641f3a\/6e90a8da-cbeb-493f-88fc-e334c146b0e0.jpg\" alt=\"\" \/><\/div><div class=\"n2-ss-layers-container n2-ow\" data-csstextalign=\"center\" style=\"\"><\/div><\/div><div data-slide-duration=\"0\" data-id=\"32\" style=\"\" class=\" n2-ss-slide n2-ss-canvas n2-ow  n2-ss-slide-32\"><div class=\"n2-ss-slide-background n2-ow\" data-mode=\"blurfit\"><img data-hash=\"eb7c005cf139e30933b24913f5d64675\" data-desktop=\"\/\/sezbalikcilik.com\/sezmarket\/wp-content\/uploads\/resized\/9380a639340ec665e421dbb2a072eb70\/10.jpg\" data-blur=\"0\" data-opacity=\"100\" data-x=\"50\" data-y=\"50\" src=\"\/\/sezbalikcilik.com\/sezmarket\/wp-content\/uploads\/resized\/9380a639340ec665e421dbb2a072eb70\/10.jpg\" alt=\"\" \/><\/div><div class=\"n2-ss-layers-container n2-ow\" data-csstextalign=\"center\" style=\"\"><\/div><\/div><div data-slide-duration=\"0\" data-id=\"33\" style=\"\" class=\" n2-ss-slide n2-ss-canvas n2-ow  n2-ss-slide-33\"><div class=\"n2-ss-slide-background n2-ow\" data-mode=\"blurfit\"><img data-hash=\"e9f6a2f698ec63cb8ed7c0aace41de71\" data-desktop=\"\/\/sezbalikcilik.com\/sezmarket\/wp-content\/uploads\/resized\/18041c20434507a8cbfb7422d4fbbf0e\/14.jpg\" data-blur=\"0\" data-opacity=\"100\" data-x=\"50\" data-y=\"50\" src=\"\/\/sezbalikcilik.com\/sezmarket\/wp-content\/uploads\/resized\/18041c20434507a8cbfb7422d4fbbf0e\/14.jpg\" alt=\"\" \/><\/div><div class=\"n2-ss-layers-container n2-ow\" data-csstextalign=\"center\" style=\"\"><\/div><\/div><div data-slide-duration=\"0\" data-id=\"34\" style=\"\" class=\" n2-ss-slide n2-ss-canvas n2-ow  n2-ss-slide-34\"><div class=\"n2-ss-slide-background n2-ow\" data-mode=\"blurfit\"><img data-hash=\"35d09b419c49740b149cd9f311bf6bf8\" data-desktop=\"\/\/sezbalikcilik.com\/sezmarket\/wp-content\/uploads\/resized\/4b78fc78c0db9f4afe61bf95a97d0334\/16.jpg\" data-blur=\"0\" data-opacity=\"100\" data-x=\"50\" data-y=\"50\" src=\"\/\/sezbalikcilik.com\/sezmarket\/wp-content\/uploads\/resized\/4b78fc78c0db9f4afe61bf95a97d0334\/16.jpg\" alt=\"\" \/><\/div><div class=\"n2-ss-layers-container n2-ow\" data-csstextalign=\"center\" style=\"\"><\/div><\/div><div data-slide-duration=\"0\" data-id=\"35\" style=\"\" class=\" n2-ss-slide n2-ss-canvas n2-ow  n2-ss-slide-35\"><div class=\"n2-ss-slide-background n2-ow\" data-mode=\"blurfit\"><img data-hash=\"7361ef2ca2cf7ba41b07d021b9087df5\" data-desktop=\"\/\/sezbalikcilik.com\/sezmarket\/wp-content\/uploads\/resized\/2fd265ed58c4346bd44e5d531044cba3\/51a34b86-f8f7-4991-9cee-671e5aaf4c5e.jpg\" data-blur=\"0\" data-opacity=\"100\" data-x=\"50\" data-y=\"50\" src=\"\/\/sezbalikcilik.com\/sezmarket\/wp-content\/uploads\/resized\/2fd265ed58c4346bd44e5d531044cba3\/51a34b86-f8f7-4991-9cee-671e5aaf4c5e.jpg\" alt=\"\" \/><\/div><div class=\"n2-ss-layers-container n2-ow\" data-csstextalign=\"center\" style=\"\"><\/div><\/div><div data-slide-duration=\"0\" data-id=\"36\" style=\"\" class=\" n2-ss-slide n2-ss-canvas n2-ow  n2-ss-slide-36\"><div class=\"n2-ss-slide-background n2-ow\" data-mode=\"blurfit\"><img data-hash=\"a1c399176051d436d4fa7c01a2442692\" data-desktop=\"\/\/sezbalikcilik.com\/sezmarket\/wp-content\/uploads\/resized\/0d53bb5b7aec894e157bd4f35e03f330\/ba532a01-6402-4ff6-b3da-6f033a1acd98.jpg\" data-blur=\"0\" data-opacity=\"100\" data-x=\"50\" data-y=\"50\" src=\"\/\/sezbalikcilik.com\/sezmarket\/wp-content\/uploads\/resized\/0d53bb5b7aec894e157bd4f35e03f330\/ba532a01-6402-4ff6-b3da-6f033a1acd98.jpg\" alt=\"\" \/><\/div><div class=\"n2-ss-layers-container n2-ow\" data-csstextalign=\"center\" style=\"\"><\/div><\/div><div data-slide-duration=\"0\" data-id=\"37\" style=\"\" class=\" n2-ss-slide n2-ss-canvas n2-ow  n2-ss-slide-37\"><div class=\"n2-ss-slide-background n2-ow\" data-mode=\"blurfit\"><img data-hash=\"93204f3cb73b36c06fd766259284e808\" data-desktop=\"\/\/sezbalikcilik.com\/sezmarket\/wp-content\/uploads\/resized\/8982713c6b34b8b7b936f4e266d90352\/f0b0baad-681c-4f20-b7bc-fba8c862a81c.jpg\" data-blur=\"0\" data-opacity=\"100\" data-x=\"50\" data-y=\"50\" src=\"\/\/sezbalikcilik.com\/sezmarket\/wp-content\/uploads\/resized\/8982713c6b34b8b7b936f4e266d90352\/f0b0baad-681c-4f20-b7bc-fba8c862a81c.jpg\" alt=\"\" \/><\/div><div class=\"n2-ss-layers-container n2-ow\" data-csstextalign=\"center\" style=\"\"><\/div><\/div><div data-slide-duration=\"0\" data-id=\"38\" style=\"\" class=\" n2-ss-slide n2-ss-canvas n2-ow  n2-ss-slide-38\"><div class=\"n2-ss-slide-background n2-ow\" data-mode=\"blurfit\"><img data-hash=\"169cf6212cab969553dba93e837e6b6f\" data-desktop=\"\/\/sezbalikcilik.com\/sezmarket\/wp-content\/uploads\/resized\/81f54e45a47c0336dd69fea9eea92f1f\/f7400d3d-376f-4552-a108-eb901d09161d.jpg\" data-blur=\"0\" data-opacity=\"100\" data-x=\"50\" data-y=\"50\" src=\"\/\/sezbalikcilik.com\/sezmarket\/wp-content\/uploads\/resized\/81f54e45a47c0336dd69fea9eea92f1f\/f7400d3d-376f-4552-a108-eb901d09161d.jpg\" alt=\"\" \/><\/div><div class=\"n2-ss-layers-container n2-ow\" data-csstextalign=\"center\" style=\"\"><\/div><\/div><div data-slide-duration=\"0\" data-id=\"39\" style=\"\" class=\" n2-ss-slide n2-ss-canvas n2-ow  n2-ss-slide-39\"><div class=\"n2-ss-slide-background n2-ow\" data-mode=\"blurfit\"><img data-hash=\"9319e3484ac8731a166770d8f9e0da5e\" data-desktop=\"\/\/sezbalikcilik.com\/sezmarket\/wp-content\/uploads\/resized\/8fb070b5c721cc4c613cc1103f993c5f\/IMG_4576.jpg\" data-blur=\"0\" data-opacity=\"100\" data-x=\"50\" data-y=\"50\" src=\"\/\/sezbalikcilik.com\/sezmarket\/wp-content\/uploads\/resized\/8fb070b5c721cc4c613cc1103f993c5f\/IMG_4576.jpg\" alt=\"\" \/><\/div><div class=\"n2-ss-layers-container n2-ow\" data-csstextalign=\"center\" style=\"\"><\/div><\/div><div data-slide-duration=\"0\" data-id=\"41\" style=\"\" class=\" n2-ss-slide n2-ss-canvas n2-ow  n2-ss-slide-41\"><div class=\"n2-ss-slide-background n2-ow\" data-mode=\"blurfit\"><img data-hash=\"dec0c837ed5531312a11f0a257826dfd\" data-desktop=\"\/\/sezbalikcilik.com\/sezmarket\/wp-content\/uploads\/resized\/905e8e2e1dc66dd05f4052332cc5e15f\/2f73a5f1-93c2-48f6-95cf-8b4a3bcc69c0.jpg\" data-blur=\"0\" data-opacity=\"100\" data-x=\"50\" data-y=\"50\" src=\"\/\/sezbalikcilik.com\/sezmarket\/wp-content\/uploads\/resized\/905e8e2e1dc66dd05f4052332cc5e15f\/2f73a5f1-93c2-48f6-95cf-8b4a3bcc69c0.jpg\" alt=\"\" \/><\/div><div class=\"n2-ss-layers-container n2-ow\" data-csstextalign=\"center\" style=\"\"><\/div><\/div><div data-slide-duration=\"0\" data-id=\"42\" style=\"\" class=\" n2-ss-slide n2-ss-canvas n2-ow  n2-ss-slide-42\"><div class=\"n2-ss-slide-background n2-ow\" data-mode=\"blurfit\"><img data-hash=\"1ddfd7842c2c3e88148f6ee0aa3023e3\" data-desktop=\"\/\/sezbalikcilik.com\/sezmarket\/wp-content\/uploads\/resized\/7880523bd1a2fa49cc02ab24c155dae8\/1.jpg\" data-blur=\"0\" data-opacity=\"100\" data-x=\"50\" data-y=\"50\" src=\"\/\/sezbalikcilik.com\/sezmarket\/wp-content\/uploads\/resized\/7880523bd1a2fa49cc02ab24c155dae8\/1.jpg\" alt=\"\" \/><\/div><div class=\"n2-ss-layers-container n2-ow\" data-csstextalign=\"center\" style=\"\"><\/div><\/div><div data-slide-duration=\"0\" data-id=\"43\" style=\"\" class=\" n2-ss-slide n2-ss-canvas n2-ow  n2-ss-slide-43\"><div class=\"n2-ss-slide-background n2-ow\" data-mode=\"blurfit\"><img data-hash=\"d1c90f9d09f69ed46bef43098df11e65\" data-desktop=\"\/\/sezbalikcilik.com\/sezmarket\/wp-content\/uploads\/resized\/55719e76e351132d3855eaaa4a9cc8ae\/dc2350f3-2e8e-475d-a115-469f50fcbd5b.jpg\" data-blur=\"0\" data-opacity=\"100\" data-x=\"50\" data-y=\"50\" src=\"\/\/sezbalikcilik.com\/sezmarket\/wp-content\/uploads\/resized\/55719e76e351132d3855eaaa4a9cc8ae\/dc2350f3-2e8e-475d-a115-469f50fcbd5b.jpg\" alt=\"\" \/><\/div><div class=\"n2-ss-layers-container n2-ow\" data-csstextalign=\"center\" style=\"\"><\/div><\/div><div data-slide-duration=\"0\" data-id=\"44\" style=\"\" class=\" n2-ss-slide n2-ss-canvas n2-ow  n2-ss-slide-44\"><div class=\"n2-ss-slide-background n2-ow\" data-mode=\"blurfit\"><img data-hash=\"108062798a442c1382acba4fde6c12ca\" data-desktop=\"\/\/sezbalikcilik.com\/sezmarket\/wp-content\/uploads\/resized\/64df4763f5560926b44f42af801de834\/12c3a42a-e436-47f3-8552-8bac8d62d8a2.jpg\" data-blur=\"0\" data-opacity=\"100\" data-x=\"50\" data-y=\"50\" src=\"\/\/sezbalikcilik.com\/sezmarket\/wp-content\/uploads\/resized\/64df4763f5560926b44f42af801de834\/12c3a42a-e436-47f3-8552-8bac8d62d8a2.jpg\" alt=\"\" \/><\/div><div class=\"n2-ss-layers-container n2-ow\" data-csstextalign=\"center\" style=\"\"><\/div><\/div><div data-slide-duration=\"0\" data-id=\"45\" style=\"\" class=\" n2-ss-slide n2-ss-canvas n2-ow  n2-ss-slide-45\"><div class=\"n2-ss-slide-background n2-ow\" data-mode=\"blurfit\"><img data-hash=\"714b04f4c0f7fda11aed9d3d482161f9\" data-desktop=\"\/\/sezbalikcilik.com\/sezmarket\/wp-content\/uploads\/resized\/39a122e7d1159fac51d4dc5dd38232b8\/20.jpg\" data-blur=\"0\" data-opacity=\"100\" data-x=\"50\" data-y=\"50\" src=\"\/\/sezbalikcilik.com\/sezmarket\/wp-content\/uploads\/resized\/39a122e7d1159fac51d4dc5dd38232b8\/20.jpg\" alt=\"\" \/><\/div><div class=\"n2-ss-layers-container n2-ow\" data-csstextalign=\"center\" style=\"\"><\/div><\/div><div data-slide-duration=\"0\" data-id=\"46\" style=\"\" class=\" n2-ss-slide n2-ss-canvas n2-ow  n2-ss-slide-46\"><div class=\"n2-ss-slide-background n2-ow\" data-mode=\"blurfit\"><img data-hash=\"48afb9eaef022eba812c6c23280189a4\" data-desktop=\"\/\/sezbalikcilik.com\/sezmarket\/wp-content\/uploads\/resized\/b710980d2e671dafe114fd6666ec2157\/90baf59b-a2f3-41e9-844f-0302970b30be.jpg\" data-blur=\"0\" data-opacity=\"100\" data-x=\"50\" data-y=\"50\" src=\"\/\/sezbalikcilik.com\/sezmarket\/wp-content\/uploads\/resized\/b710980d2e671dafe114fd6666ec2157\/90baf59b-a2f3-41e9-844f-0302970b30be.jpg\" alt=\"\" \/><\/div><div class=\"n2-ss-layers-container n2-ow\" data-csstextalign=\"center\" style=\"\"><\/div><\/div><div data-slide-duration=\"0\" data-id=\"47\" style=\"\" class=\" n2-ss-slide n2-ss-canvas n2-ow  n2-ss-slide-47\"><div class=\"n2-ss-slide-background n2-ow\" data-mode=\"blurfit\"><img data-hash=\"a1ef6f69e7ce0081cc09d5c020899e44\" data-desktop=\"\/\/sezbalikcilik.com\/sezmarket\/wp-content\/uploads\/resized\/48b29b46afaabb429888efdd7149b1b5\/96d901e4-cc91-4a6d-a505-70c7dce2941c.jpg\" data-blur=\"0\" data-opacity=\"100\" data-x=\"50\" data-y=\"50\" src=\"\/\/sezbalikcilik.com\/sezmarket\/wp-content\/uploads\/resized\/48b29b46afaabb429888efdd7149b1b5\/96d901e4-cc91-4a6d-a505-70c7dce2941c.jpg\" alt=\"\" \/><\/div><div class=\"n2-ss-layers-container n2-ow\" data-csstextalign=\"center\" style=\"\"><\/div><\/div><div data-slide-duration=\"0\" data-id=\"48\" style=\"\" class=\" n2-ss-slide n2-ss-canvas n2-ow  n2-ss-slide-48\"><div class=\"n2-ss-slide-background n2-ow\" data-mode=\"blurfit\"><img data-hash=\"2332b64e2202d82704189f1a8c08ac8f\" data-desktop=\"\/\/sezbalikcilik.com\/sezmarket\/wp-content\/uploads\/resized\/a36f53e6ae4aa5f8b5a336ffcf46c08e\/95647612-0ede-4676-8a96-4c1f3892ed5e.jpg\" data-blur=\"0\" data-opacity=\"100\" data-x=\"50\" data-y=\"50\" src=\"\/\/sezbalikcilik.com\/sezmarket\/wp-content\/uploads\/resized\/a36f53e6ae4aa5f8b5a336ffcf46c08e\/95647612-0ede-4676-8a96-4c1f3892ed5e.jpg\" alt=\"\" \/><\/div><div class=\"n2-ss-layers-container n2-ow\" data-csstextalign=\"center\" style=\"\"><\/div><\/div>                <\/div>\r\n            <\/div>\r\n            <div data-ssleft=\"0+15\" data-sstop=\"height\/2-previousheight\/2\" id=\"n2-ss-4-arrow-previous\" class=\"n2-ss-widget n2-ss-widget-display-desktop n2-ss-widget-display-tablet n2-ss-widget-display-mobile nextend-arrow n2-ow nextend-arrow-previous  nextend-arrow-animated-fade n2-ib\" style=\"position: absolute;\" role=\"button\" aria-label=\"Previous slide\" tabindex=\"0\"><img class=\"n2-ow\" data-no-lazy=\"1\" data-hack=\"data-lazy-src\" src=\"data:image\/svg+xml;base64,PHN2ZyB3aWR0aD0iMzIiIGhlaWdodD0iMzIiIHZpZXdCb3g9IjAgMCAzMiAzMiIgeG1sbnM9Imh0dHA6Ly93d3cudzMub3JnLzIwMDAvc3ZnIj48cGF0aCBkPSJNMTEuNDMzIDE1Ljk5MkwyMi42OSA1LjcxMmMuMzkzLS4zOS4zOTMtMS4wMyAwLTEuNDItLjM5My0uMzktMS4wMy0uMzktMS40MjMgMGwtMTEuOTggMTAuOTRjLS4yMS4yMS0uMy40OS0uMjg1Ljc2LS4wMTUuMjguMDc1LjU2LjI4NC43N2wxMS45OCAxMC45NGMuMzkzLjM5IDEuMDMuMzkgMS40MjQgMCAuMzkzLS40LjM5My0xLjAzIDAtMS40MmwtMTEuMjU3LTEwLjI5IiBmaWxsPSIjZmZmZmZmIiBvcGFjaXR5PSIwLjgiIGZpbGwtcnVsZT0iZXZlbm9kZCIvPjwvc3ZnPg==\" alt=\"previous arrow\" \/><\/div>\n<div data-ssright=\"0+15\" data-sstop=\"height\/2-nextheight\/2\" id=\"n2-ss-4-arrow-next\" class=\"n2-ss-widget n2-ss-widget-display-desktop n2-ss-widget-display-tablet n2-ss-widget-display-mobile nextend-arrow n2-ow nextend-arrow-next  nextend-arrow-animated-fade n2-ib\" style=\"position: absolute;\" role=\"button\" aria-label=\"Next slide\" tabindex=\"0\"><img class=\"n2-ow\" data-no-lazy=\"1\" data-hack=\"data-lazy-src\" src=\"data:image\/svg+xml;base64,PHN2ZyB3aWR0aD0iMzIiIGhlaWdodD0iMzIiIHZpZXdCb3g9IjAgMCAzMiAzMiIgeG1sbnM9Imh0dHA6Ly93d3cudzMub3JnLzIwMDAvc3ZnIj48cGF0aCBkPSJNMTAuNzIyIDQuMjkzYy0uMzk0LS4zOS0xLjAzMi0uMzktMS40MjcgMC0uMzkzLjM5LS4zOTMgMS4wMyAwIDEuNDJsMTEuMjgzIDEwLjI4LTExLjI4MyAxMC4yOWMtLjM5My4zOS0uMzkzIDEuMDIgMCAxLjQyLjM5NS4zOSAxLjAzMy4zOSAxLjQyNyAwbDEyLjAwNy0xMC45NGMuMjEtLjIxLjMtLjQ5LjI4NC0uNzcuMDE0LS4yNy0uMDc2LS41NS0uMjg2LS43NkwxMC43MiA0LjI5M3oiIGZpbGw9IiNmZmZmZmYiIG9wYWNpdHk9IjAuOCIgZmlsbC1ydWxlPSJldmVub2RkIi8+PC9zdmc+\" alt=\"next arrow\" \/><\/div>\n<div data-ssleft=\"width\/2-bulletwidth\/2\" data-ssbottom=\"0+10\" data-offset=\"10\" class=\"n2-ss-widget n2-ss-widget-display-desktop n2-ss-widget-display-tablet n2-ss-widget-display-mobile n2-ss-widget-display-hover  n2-flex n2-ss-control-bullet n2-ss-control-bullet-horizontal\" style=\"position: absolute;\"><div class=\" nextend-bullet-bar n2-ow n2-bar-justify-content-center\"><\/div><\/div>\n        <\/div>\r\n        <div data-position=\"below\" class=\"n2-ss-widget n2-ss-widget-display-desktop n2-ss-widget-display-tablet n2-ss-widget-display-mobile nextend-shadow n2-ow\" style=\"margin-top:0px;width:100%;\"><img style=\"display: block; width:100%;max-width:none;\" class=\"n2-ow nextend-shadow-image\" data-no-lazy=\"1\" data-hack=\"data-lazy-src\" src=\"\/\/sezbalikcilik.com\/sezmarket\/wp-content\/plugins\/smart-slider-3\/library\/media\/plugins\/widgetshadow\/shadow\/shadow\/shadow\/curved.png\" alt=\"Shadow\" \/><\/div>\n<\/div><div class=\"n2-clear\"><\/div><div id=\"n2-ss-4-spinner\" style=\"display: none;\"><div><div class=\"n2-ss-spinner-simple-white-container\"><div class=\"n2-ss-spinner-simple-white\"><\/div><\/div><\/div><\/div><\/div><\/div><div id=\"n2-ss-4-placeholder\" style=\"position: relative;z-index:2;background-color:RGBA(0,0,0,0);max-height:3000px; background-color:RGBA(255,255,255,0);\"><img style=\"width: 100%; max-width:3000px; display: block;opacity:0;margin:0px;\" class=\"n2-ow\" src=\"data:image\/svg+xml;base64,PHN2ZyB4bWxucz0iaHR0cDovL3d3dy53My5vcmcvMjAwMC9zdmciIHZlcnNpb249IjEuMCIgd2lkdGg9IjEyMDAiIGhlaWdodD0iNTAwIiA+PC9zdmc+\" alt=\"Slider\" \/><\/div><\/div><\/div>\n<div style=\"position: absolute; left: -1423117px;\">\nZengin bir \u00fcr\u00fcn yelpazesi sunan Sezmarin sayesinde taze deniz \u00fcr\u00fcnleri ve kaliteli su \u00fcr\u00fcnleri yeti\u015ftiricili\u011fi daha uygun fiyatl\u0131 hale geliyor. Sa\u011fl\u0131kl\u0131 beslenmeye ve y\u00fcksek kalite standartlar\u0131na de\u011fer verenler i\u00e7in ideal bir \u00e7\u00f6z\u00fcmd\u00fcr. Sezmarin&#8217;in deniz \u00fcr\u00fcnleri e\u015fsiz yemekler yaratmaya yard\u0131mc\u0131 oluyor ve gastronomik ke\u015fiflere ilham veriyor. Yenilik\u00e7i yakla\u015f\u0131m sadece g\u0131da end\u00fcstrisinde de\u011fil, \u00e7evrimi\u00e7i e\u011flence alan\u0131nda da \u00f6nemlidir. Almanya&#8217;da oyuncular, \u015feffafl\u0131\u011f\u0131 ve g\u00fcvenli\u011fi garanti eden yasal \u00e7evrimi\u00e7i kumarhaneleri giderek daha fazla se\u00e7iyorlar. Ancak bu t\u00fcr platformlar ve \u00f6zellikleri hakk\u0131nda nereden daha fazla bilgi edinebilirim? B\u00f6yle bir kaynak var <a href=\"https:\/\/kitcambridge.be\/deutschland\/\">https:\/\/kitcambridge.be\/deutschland\/<\/a>. Bu kaynak, teklifleri anlaman\u0131za ve oyun i\u00e7in do\u011fru platformu se\u00e7menize yard\u0131mc\u0131 olur. Hem deniz \u00fcr\u00fcnleri hem de \u00e7evrimi\u00e7i hizmetler, kaliteye olan ba\u011fl\u0131l\u0131\u011f\u0131 ve m\u00fc\u015fteri bak\u0131m\u0131n\u0131 birle\u015ftirir. Sezmarin, mutfak ilham\u0131 i\u00e7in f\u0131rsatlar yarat\u0131rken, yasal kumarhaneler oynamak i\u00e7in g\u00fcvenli ko\u015fullar sa\u011flar. Her iki alan da her alanda g\u00fcvenin ve y\u00fcksek standard\u0131n ne kadar \u00f6nemli oldu\u011funun alt\u0131n\u0131 \u00e7iziyor.\n<\/div>\n","protected":false},"excerpt":{"rendered":"<p>Zengin bir \u00fcr\u00fcn yelpazesi sunan Sezmarin sayesinde taze deniz \u00fcr\u00fcnleri ve kaliteli su \u00fcr\u00fcnleri yeti\u015ftiricili\u011fi daha uygun fiyatl\u0131 hale geliyor. Sa\u011fl\u0131kl\u0131 beslenmeye ve y\u00fcksek kalite standartlar\u0131na de\u011fer verenler i\u00e7in ideal bir \u00e7\u00f6z\u00fcmd\u00fcr. Sezmarin&#8217;in deniz \u00fcr\u00fcnleri e\u015fsiz yemekler yaratmaya yard\u0131mc\u0131 oluyor ve gastronomik ke\u015fiflere ilham veriyor. Yenilik\u00e7i yakla\u015f\u0131m sadece g\u0131da end\u00fcstrisinde de\u011fil, \u00e7evrimi\u00e7i e\u011flence alan\u0131nda da &hellip; <\/p>\n<p class=\"link-more\"><a href=\"https:\/\/sezbalikcilik.com\/sezmarket\/\" class=\"more-link\">Okumaya devam et<span class=\"screen-reader-text\"> &#8220;Ana Sayfa&#8221;<\/span><\/a><\/p>\n","protected":false},"author":1,"featured_media":0,"parent":0,"menu_order":0,"comment_status":"closed","ping_status":"closed","template":"templates\/template-onecolumn.php","meta":{"ngg_post_thumbnail":0},"_links":{"self":[{"href":"https:\/\/sezbalikcilik.com\/sezmarket\/index.php?rest_route=\/wp\/v2\/pages\/27"}],"collection":[{"href":"https:\/\/sezbalikcilik.com\/sezmarket\/index.php?rest_route=\/wp\/v2\/pages"}],"about":[{"href":"https:\/\/sezbalikcilik.com\/sezmarket\/index.php?rest_route=\/wp\/v2\/types\/page"}],"author":[{"embeddable":true,"href":"https:\/\/sezbalikcilik.com\/sezmarket\/index.php?rest_route=\/wp\/v2\/users\/1"}],"replies":[{"embeddable":true,"href":"https:\/\/sezbalikcilik.com\/sezmarket\/index.php?rest_route=%2Fwp%2Fv2%2Fcomments&post=27"}],"version-history":[{"count":9,"href":"https:\/\/sezbalikcilik.com\/sezmarket\/index.php?rest_route=\/wp\/v2\/pages\/27\/revisions"}],"predecessor-version":[{"id":773,"href":"https:\/\/sezbalikcilik.com\/sezmarket\/index.php?rest_route=\/wp\/v2\/pages\/27\/revisions\/773"}],"wp:attachment":[{"href":"https:\/\/sezbalikcilik.com\/sezmarket\/index.php?rest_route=%2Fwp%2Fv2%2Fmedia&parent=27"}],"curies":[{"name":"wp","href":"https:\/\/api.w.org\/{rel}","templated":true}]}}