{"id":30,"date":"2019-01-22T16:28:09","date_gmt":"2019-01-22T13:28:09","guid":{"rendered":"http:\/\/sezbalikcilik.com\/sezmarket\/?page_id=30"},"modified":"2023-02-14T12:20:39","modified_gmt":"2023-02-14T09:20:39","slug":"hakimizdan","status":"publish","type":"page","link":"https:\/\/sezbalikcilik.com\/sezmarket\/?page_id=30","title":{"rendered":"Hakk\u0131m\u0131zda"},"content":{"rendered":"\n<p><\/p>\n\n\n\n<p><strong>             Firmam\u0131z 2002 Bodrum&#8217;da kurulmu\u015f ve 2010 y\u0131l\u0131nda  Sezda\u011f\u0131t\u0131m Su \u00dcr\u00fcnleri ltd. ad\u0131n\u0131 alm\u0131\u015ft\u0131r. 2011 y\u0131l\u0131nda ta\u015f\u0131nd\u0131\u011f\u0131  yeni  adresinde   faaliyetine devam etmekte olan firmam\u0131z yakla\u015f\u0131k 1000 metrekare<\/strong> <strong>kapal\u0131 alanda Taze Bal\u0131k\u00e7\u0131l\u0131k \u00dcr\u00fcnleri Tesisi ve Dondurulmu\u015f Bal\u0131k\u00e7\u0131l\u0131k \u00dcr\u00fcnleri Tesisi olarak Tar\u0131m bakanl\u0131\u011f\u0131 taraf\u0131ndan  onayl\u0131 bir i\u015fletmedir.<\/strong><\/p>\n\n\n\n<p>    <strong>        Tesisimiz  1500ton\/y\u0131l  olan dondurulmu\u015f \u00fcretim kapasitesini  IQF spiral frazer teknolojisini de  kurarak    2021 y\u0131l\u0131nda 2500 ton \/y\u0131la \u00e7\u0131karm\u0131\u015ft\u0131r.Taze ve dondurulmu\u015f  kaliteli deniz \u00fcr\u00fcnlerini SEZMARIN<\/strong> <strong>markas\u0131yla \u00fcreterek  sekt\u00f6rde kal\u0131c\u0131 bir yer edinmek ba\u015fl\u0131ca kaliteli hedefimizdir.<\/strong><\/p>\n\n\n\n<p>              <\/p>\n","protected":false},"excerpt":{"rendered":"<p>Firmam\u0131z 2002 Bodrum&#8217;da kurulmu\u015f ve 2010 y\u0131l\u0131nda Sezda\u011f\u0131t\u0131m Su \u00dcr\u00fcnleri ltd. ad\u0131n\u0131 alm\u0131\u015ft\u0131r. 2011 y\u0131l\u0131nda ta\u015f\u0131nd\u0131\u011f\u0131 yeni adresinde faaliyetine devam etmekte olan firmam\u0131z yakla\u015f\u0131k 1000 metrekare kapal\u0131 alanda Taze Bal\u0131k\u00e7\u0131l\u0131k \u00dcr\u00fcnleri Tesisi ve Dondurulmu\u015f Bal\u0131k\u00e7\u0131l\u0131k \u00dcr\u00fcnleri Tesisi olarak Tar\u0131m bakanl\u0131\u011f\u0131 taraf\u0131ndan onayl\u0131 bir i\u015fletmedir. Tesisimiz 1500ton\/y\u0131l olan dondurulmu\u015f \u00fcretim kapasitesini IQF spiral frazer teknolojisini de &hellip; <\/p>\n<p class=\"link-more\"><a href=\"https:\/\/sezbalikcilik.com\/sezmarket\/?page_id=30\" class=\"more-link\">Okumaya devam et<span class=\"screen-reader-text\"> &#8220;Hakk\u0131m\u0131zda&#8221;<\/span><\/a><\/p>\n","protected":false},"author":1,"featured_media":0,"parent":0,"menu_order":0,"comment_status":"closed","ping_status":"closed","template":"","meta":{"ngg_post_thumbnail":0},"_links":{"self":[{"href":"https:\/\/sezbalikcilik.com\/sezmarket\/index.php?rest_route=\/wp\/v2\/pages\/30"}],"collection":[{"href":"https:\/\/sezbalikcilik.com\/sezmarket\/index.php?rest_route=\/wp\/v2\/pages"}],"about":[{"href":"https:\/\/sezbalikcilik.com\/sezmarket\/index.php?rest_route=\/wp\/v2\/types\/page"}],"author":[{"embeddable":true,"href":"https:\/\/sezbalikcilik.com\/sezmarket\/index.php?rest_route=\/wp\/v2\/users\/1"}],"replies":[{"embeddable":true,"href":"https:\/\/sezbalikcilik.com\/sezmarket\/index.php?rest_route=%2Fwp%2Fv2%2Fcomments&post=30"}],"version-history":[{"count":5,"href":"https:\/\/sezbalikcilik.com\/sezmarket\/index.php?rest_route=\/wp\/v2\/pages\/30\/revisions"}],"predecessor-version":[{"id":560,"href":"https:\/\/sezbalikcilik.com\/sezmarket\/index.php?rest_route=\/wp\/v2\/pages\/30\/revisions\/560"}],"wp:attachment":[{"href":"https:\/\/sezbalikcilik.com\/sezmarket\/index.php?rest_route=%2Fwp%2Fv2%2Fmedia&parent=30"}],"curies":[{"name":"wp","href":"https:\/\/api.w.org\/{rel}","templated":true}]}}